{"id":10,"date":"2026-04-30T20:06:09","date_gmt":"2026-04-30T20:06:09","guid":{"rendered":"https:\/\/www.azarethcantu.com\/?page_id=10"},"modified":"2026-05-01T19:52:31","modified_gmt":"2026-05-01T19:52:31","slug":"sobre-mi","status":"publish","type":"page","link":"https:\/\/www.azarethcantu.com\/index.php\/sobre-mi\/","title":{"rendered":"SOBRE MI"},"content":{"rendered":"\t\t<div data-elementor-type=\"wp-page\" data-elementor-id=\"10\" class=\"elementor elementor-10\">\n\t\t\t\t<div class=\"elementor-element elementor-element-57a8c16d e-flex e-con-boxed e-con e-parent\" data-id=\"57a8c16d\" data-element_type=\"container\" data-e-type=\"container\">\n\t\t\t\t\t<div class=\"e-con-inner\">\n\t\t\t\t<div class=\"elementor-element elementor-element-42ac387c elementor-widget elementor-widget-text-editor\" data-id=\"42ac387c\" data-element_type=\"widget\" data-e-type=\"widget\" data-widget_type=\"text-editor.default\">\n\t\t\t\t\t\t\t\t\t\n<figure class=\"wp-block-gallery has-nested-images columns-default is-cropped wp-block-gallery-2 is-layout-flex wp-block-gallery-is-layout-flex\">\n<figure class=\"wp-block-image size-large\"><img fetchpriority=\"high\" decoding=\"async\" width=\"1024\" height=\"819\" data-id=\"55\" src=\"https:\/\/www.azarethcantu.com\/wp-content\/uploads\/2026\/05\/WhatsApp-Image-2026-04-09-at-7.56.34-AM-1024x819.jpeg\" alt=\"\" class=\"wp-image-55\" srcset=\"https:\/\/www.azarethcantu.com\/wp-content\/uploads\/2026\/05\/WhatsApp-Image-2026-04-09-at-7.56.34-AM-1024x819.jpeg 1024w, https:\/\/www.azarethcantu.com\/wp-content\/uploads\/2026\/05\/WhatsApp-Image-2026-04-09-at-7.56.34-AM-300x240.jpeg 300w, https:\/\/www.azarethcantu.com\/wp-content\/uploads\/2026\/05\/WhatsApp-Image-2026-04-09-at-7.56.34-AM-768x614.jpeg 768w, https:\/\/www.azarethcantu.com\/wp-content\/uploads\/2026\/05\/WhatsApp-Image-2026-04-09-at-7.56.34-AM-1536x1229.jpeg 1536w, https:\/\/www.azarethcantu.com\/wp-content\/uploads\/2026\/05\/WhatsApp-Image-2026-04-09-at-7.56.34-AM.jpeg 1600w\" sizes=\"(max-width: 1024px) 100vw, 1024px\" \/><\/figure>\n<\/figure>\n\t\t\t\t\t\t\t\t<\/div>\n\t\t\t\t\t<\/div>\n\t\t\t\t<\/div>\n\t\t<div class=\"elementor-element elementor-element-bcee8a9 e-flex e-con-boxed e-con e-parent\" data-id=\"bcee8a9\" data-element_type=\"container\" data-e-type=\"container\">\n\t\t\t\t\t<div class=\"e-con-inner\">\n\t\t<div class=\"elementor-element elementor-element-5cd54a5 e-con-full e-flex e-con e-child\" data-id=\"5cd54a5\" data-element_type=\"container\" data-e-type=\"container\">\n\t\t\t\t<div class=\"elementor-element elementor-element-7654d33 elementor-widget elementor-widget-text-editor\" data-id=\"7654d33\" data-element_type=\"widget\" data-e-type=\"widget\" data-widget_type=\"text-editor.default\">\n\t\t\t\t\t\t\t\t\t<p>Soy Azareth Cant\u00fa, estudiante de medicina veterinaria y peluquera canina profesional con mas de 15 a\u00f1os de experiencia trabajando con perros en diferentes \u00e1reas como crianza, adiestramiento, competencias de conformaci\u00f3n y peluquer\u00eda canina comercial.<\/p>\t\t\t\t\t\t\t\t<\/div>\n\t\t\t\t<\/div>\n\t\t<div class=\"elementor-element elementor-element-e20b1e8 e-con-full e-flex e-con e-child\" data-id=\"e20b1e8\" data-element_type=\"container\" data-e-type=\"container\">\n\t\t\t\t\t\t\t\n\t\t\t<img class=\"e-image-base \" \n\t\t\t\t\tdata-interaction-id=\"35f0a4e\" \n\t\t \n\t\t \n\t\t\t\t\t\t\t\t\tid=\"57\"\n\t\t\t\t\t\t\t\t\t\t\t\tsrc=\"https:\/\/www.azarethcantu.com\/wp-content\/uploads\/2026\/05\/WhatsApp-Image-2026-04-09-at-7.52.27-AM-1.jpeg\"\n\t\t\t\t\t\t\t\t\t\t\t\twidth=\"336\"\n\t\t\t\t\t\t\t\t\t\t\t\theight=\"336\"\n\t\t\t\t\t\t\t\t\t\t\t\tsrcset=\"https:\/\/www.azarethcantu.com\/wp-content\/uploads\/2026\/05\/WhatsApp-Image-2026-04-09-at-7.52.27-AM-1.jpeg 336w, https:\/\/www.azarethcantu.com\/wp-content\/uploads\/2026\/05\/WhatsApp-Image-2026-04-09-at-7.52.27-AM-1-300x300.jpeg 300w, https:\/\/www.azarethcantu.com\/wp-content\/uploads\/2026\/05\/WhatsApp-Image-2026-04-09-at-7.52.27-AM-1-150x150.jpeg 150w\"\n\t\t\t\t\t\t\t\t\t\t\t\talt=\"\"\n\t\t\t\t\t\t\/>\n\t\t\t\t\t<\/div>\n\t\t\t\t\t<\/div>\n\t\t\t\t<\/div>\n\t\t<div class=\"elementor-element elementor-element-00d381f e-flex e-con-boxed e-con e-parent\" data-id=\"00d381f\" data-element_type=\"container\" data-e-type=\"container\">\n\t\t\t\t\t<div class=\"e-con-inner\">\n\t\t\t\t<div class=\"elementor-element elementor-element-bb08590 elementor-widget elementor-widget-text-editor\" data-id=\"bb08590\" data-element_type=\"widget\" data-e-type=\"widget\" data-widget_type=\"text-editor.default\">\n\t\t\t\t\t\t\t\t\t<p>Mi enfoque principal siempre ha sido destacar al m\u00e1ximo la belleza del perro en base a su estilo de vida, conformaci\u00f3n anat\u00f3mica, tipo de pelo y necesidades propias por edad o condiciones.<\/p>\t\t\t\t\t\t\t\t<\/div>\n\t\t\t\t\t<\/div>\n\t\t\t\t<\/div>\n\t\t<div class=\"elementor-element elementor-element-1efb6c6 e-flex e-con-boxed e-con e-parent\" data-id=\"1efb6c6\" data-element_type=\"container\" data-e-type=\"container\">\n\t\t\t\t\t<div class=\"e-con-inner\">\n\t\t<div class=\"elementor-element elementor-element-8244010 e-con-full e-flex e-con e-child\" data-id=\"8244010\" data-element_type=\"container\" data-e-type=\"container\">\n\t\t\t\t\t\t\t\n\t\t\t<img class=\"e-image-base \" \n\t\t\t\t\tdata-interaction-id=\"a0f8f56\" \n\t\t \n\t\t \n\t\t\t\t\t\t\t\t\tid=\"59\"\n\t\t\t\t\t\t\t\t\t\t\t\tsrc=\"https:\/\/www.azarethcantu.com\/wp-content\/uploads\/2026\/05\/WhatsApp-Image-2026-03-22-at-3.03.27-AM.jpeg\"\n\t\t\t\t\t\t\t\t\t\t\t\twidth=\"1280\"\n\t\t\t\t\t\t\t\t\t\t\t\theight=\"1600\"\n\t\t\t\t\t\t\t\t\t\t\t\tsrcset=\"https:\/\/www.azarethcantu.com\/wp-content\/uploads\/2026\/05\/WhatsApp-Image-2026-03-22-at-3.03.27-AM.jpeg 1280w, https:\/\/www.azarethcantu.com\/wp-content\/uploads\/2026\/05\/WhatsApp-Image-2026-03-22-at-3.03.27-AM-240x300.jpeg 240w, https:\/\/www.azarethcantu.com\/wp-content\/uploads\/2026\/05\/WhatsApp-Image-2026-03-22-at-3.03.27-AM-819x1024.jpeg 819w, https:\/\/www.azarethcantu.com\/wp-content\/uploads\/2026\/05\/WhatsApp-Image-2026-03-22-at-3.03.27-AM-768x960.jpeg 768w, https:\/\/www.azarethcantu.com\/wp-content\/uploads\/2026\/05\/WhatsApp-Image-2026-03-22-at-3.03.27-AM-1229x1536.jpeg 1229w\"\n\t\t\t\t\t\t\t\t\t\t\t\talt=\"\"\n\t\t\t\t\t\t\/>\n\t\t\t\t\t<\/div>\n\t\t<div class=\"elementor-element elementor-element-56b313e e-con-full e-flex e-con e-child\" data-id=\"56b313e\" data-element_type=\"container\" data-e-type=\"container\">\n\t\t\t\t<div class=\"elementor-element elementor-element-0d5a0c7 elementor-widget elementor-widget-text-editor\" data-id=\"0d5a0c7\" data-element_type=\"widget\" data-e-type=\"widget\" data-widget_type=\"text-editor.default\">\n\t\t\t\t\t\t\t\t\t<p>A lo largo de mi vida e trabajado con perros de todo tipo, desde animales convalecientes hasta campeones de belleza y deporte, la vida me regalo un gusto por la apreciaci\u00f3n f\u00edsica de la especie y todas sus variedades y una interpretaci\u00f3n l\u00f3gica y simple para la ejecuci\u00f3n del desarrollo de la t\u00e9cnica est\u00e9tica.<\/p>\t\t\t\t\t\t\t\t<\/div>\n\t\t\t\t<\/div>\n\t\t\t\t\t<\/div>\n\t\t\t\t<\/div>\n\t\t<div class=\"elementor-element elementor-element-d2ac499 e-flex e-con-boxed e-con e-parent\" data-id=\"d2ac499\" data-element_type=\"container\" data-e-type=\"container\">\n\t\t\t\t\t<div class=\"e-con-inner\">\n\t\t\t\t<div class=\"elementor-element elementor-element-6afefed elementor-widget elementor-widget-text-editor\" data-id=\"6afefed\" data-element_type=\"widget\" data-e-type=\"widget\" data-widget_type=\"text-editor.default\">\n\t\t\t\t\t\t\t\t\t<p>Soy fundadora de Hollywood Dogs, una empresa dedicada al servicio de higiene y est\u00e9tica caninos en donde colaboramos mas de 15 profesionales comprometidos con dignificar la profesi\u00f3n en base al desarrollo y gusto por realizar nuestro trabajo.\u00a0<\/p>\t\t\t\t\t\t\t\t<\/div>\n\t\t\t\t\t<\/div>\n\t\t\t\t<\/div>\n\t\t<div class=\"elementor-element elementor-element-15277b4 e-flex e-con-boxed e-con e-parent\" data-id=\"15277b4\" data-element_type=\"container\" data-e-type=\"container\">\n\t\t\t\t\t<div class=\"e-con-inner\">\n\t\t\t\t\t\t\t\n\t\t\t<img class=\"e-image-base \" \n\t\t\t\t\tdata-interaction-id=\"22861c3\" \n\t\t \n\t\t \n\t\t\t\t\t\t\t\t\tid=\"60\"\n\t\t\t\t\t\t\t\t\t\t\t\tsrc=\"https:\/\/www.azarethcantu.com\/wp-content\/uploads\/2026\/05\/logoOFICIAL-3.png\"\n\t\t\t\t\t\t\t\t\t\t\t\twidth=\"500\"\n\t\t\t\t\t\t\t\t\t\t\t\theight=\"500\"\n\t\t\t\t\t\t\t\t\t\t\t\tsrcset=\"https:\/\/www.azarethcantu.com\/wp-content\/uploads\/2026\/05\/logoOFICIAL-3.png 500w, https:\/\/www.azarethcantu.com\/wp-content\/uploads\/2026\/05\/logoOFICIAL-3-300x300.png 300w, https:\/\/www.azarethcantu.com\/wp-content\/uploads\/2026\/05\/logoOFICIAL-3-150x150.png 150w\"\n\t\t\t\t\t\t\t\t\t\t\t\talt=\"\"\n\t\t\t\t\t\t\/>\n\t\t\t\t\t\t<\/div>\n\t\t\t\t<\/div>\n\t\t\t\t<\/div>\n\t\t","protected":false},"excerpt":{"rendered":"<p>Soy Azareth Cant\u00fa, estudiante de medicina veterinaria y peluquera canina profesional con mas de 15 a\u00f1os de experiencia trabajando con perros en diferentes \u00e1reas como crianza, adiestramiento, competencias de conformaci\u00f3n y peluquer\u00eda canina comercial. Mi enfoque principal siempre ha sido destacar al m\u00e1ximo la belleza del perro en base a su estilo de vida, conformaci\u00f3n [&hellip;]<\/p>\n","protected":false},"author":1,"featured_media":0,"parent":0,"menu_order":2,"comment_status":"closed","ping_status":"closed","template":"","meta":{"footnotes":""},"class_list":["post-10","page","type-page","status-publish","hentry"],"_links":{"self":[{"href":"https:\/\/www.azarethcantu.com\/index.php\/wp-json\/wp\/v2\/pages\/10","targetHints":{"allow":["GET"]}}],"collection":[{"href":"https:\/\/www.azarethcantu.com\/index.php\/wp-json\/wp\/v2\/pages"}],"about":[{"href":"https:\/\/www.azarethcantu.com\/index.php\/wp-json\/wp\/v2\/types\/page"}],"author":[{"embeddable":true,"href":"https:\/\/www.azarethcantu.com\/index.php\/wp-json\/wp\/v2\/users\/1"}],"replies":[{"embeddable":true,"href":"https:\/\/www.azarethcantu.com\/index.php\/wp-json\/wp\/v2\/comments?post=10"}],"version-history":[{"count":5,"href":"https:\/\/www.azarethcantu.com\/index.php\/wp-json\/wp\/v2\/pages\/10\/revisions"}],"predecessor-version":[{"id":63,"href":"https:\/\/www.azarethcantu.com\/index.php\/wp-json\/wp\/v2\/pages\/10\/revisions\/63"}],"wp:attachment":[{"href":"https:\/\/www.azarethcantu.com\/index.php\/wp-json\/wp\/v2\/media?parent=10"}],"curies":[{"name":"wp","href":"https:\/\/api.w.org\/{rel}","templated":true}]}}